{"id":2,"date":"2016-05-10T03:48:21","date_gmt":"2016-05-10T03:48:21","guid":{"rendered":"http:\/\/wp452m.a10-52-158-154.qa.plesk.ru\/wordpress\/?page_id=2"},"modified":"2025-12-23T10:51:04","modified_gmt":"2025-12-23T10:51:04","slug":"sample-page","status":"publish","type":"page","link":"https:\/\/thorhauer-eisdorf.de\/0e2016\/","title":{"rendered":"Schmalspurbahn im Ma\u00dfstab 1:45 und 1:87"},"content":{"rendered":"\n<figure class=\"wp-block-image size-full\"><img loading=\"lazy\" decoding=\"async\" width=\"1024\" height=\"1024\" src=\"https:\/\/thorhauer-eisdorf.de\/0e2016\/wp-content\/uploads\/2025\/12\/Weihnachtsgruss2025.jpg\" alt=\"\" class=\"wp-image-2538\" srcset=\"https:\/\/thorhauer-eisdorf.de\/0e2016\/wp-content\/uploads\/2025\/12\/Weihnachtsgruss2025.jpg 1024w, https:\/\/thorhauer-eisdorf.de\/0e2016\/wp-content\/uploads\/2025\/12\/Weihnachtsgruss2025-300x300.jpg 300w, https:\/\/thorhauer-eisdorf.de\/0e2016\/wp-content\/uploads\/2025\/12\/Weihnachtsgruss2025-150x150.jpg 150w, https:\/\/thorhauer-eisdorf.de\/0e2016\/wp-content\/uploads\/2025\/12\/Weihnachtsgruss2025-768x768.jpg 768w\" sizes=\"(max-width: 1024px) 100vw, 1024px\" \/><\/figure>\n\n\n\n<p>Das Jahr 2025 brachte auch schon wieder 11 Ausstellungen. Der H\u00f6hepunkt ist aber die Beteiligung am 200. Jahrestag der Reisen mit der Bahn in England welches am 1. Januar 2025 um 12 Uhr mit dem &#8220;Einpfeiffen&#8221; aller Museumsloks in Gro\u00dfbritannien er\u00f6ffnet wurde.<\/p>\n\n\n\n<figure class=\"wp-block-image size-full\"><img loading=\"lazy\" decoding=\"async\" width=\"968\" height=\"408\" src=\"https:\/\/thorhauer-eisdorf.de\/0e2016\/wp-content\/uploads\/2025\/01\/IMG_5470.jpeg\" alt=\"\" class=\"wp-image-2449\" srcset=\"https:\/\/thorhauer-eisdorf.de\/0e2016\/wp-content\/uploads\/2025\/01\/IMG_5470.jpeg 968w, https:\/\/thorhauer-eisdorf.de\/0e2016\/wp-content\/uploads\/2025\/01\/IMG_5470-300x126.jpeg 300w, https:\/\/thorhauer-eisdorf.de\/0e2016\/wp-content\/uploads\/2025\/01\/IMG_5470-768x324.jpeg 768w\" sizes=\"(max-width: 968px) 100vw, 968px\" \/><\/figure>\n\n\n\n<p>Hier der <a href=\"https:\/\/railway200.co.uk\" target=\"_blank\" rel=\"noreferrer noopener\">Link zur offiziellen Jubil\u00e4umshomepage<\/a>. Mein Beitrag wird die Beteiligung an den <a href=\"https:\/\/svr.co.uk\/event\/model-railway-weekend\/\" target=\"_blank\" rel=\"noreferrer noopener\">Modellbahntagen der Severn Valley Railway<\/a> im Engine House in Highley vom 03. bis 04. Mai 2025 sein.<\/p>\n\n\n\n<figure class=\"wp-block-image size-full\"><img loading=\"lazy\" decoding=\"async\" width=\"1024\" height=\"724\" src=\"https:\/\/thorhauer-eisdorf.de\/0e2016\/wp-content\/uploads\/2025\/01\/IMG_0301.jpeg\" alt=\"\" class=\"wp-image-2450\" srcset=\"https:\/\/thorhauer-eisdorf.de\/0e2016\/wp-content\/uploads\/2025\/01\/IMG_0301.jpeg 1024w, https:\/\/thorhauer-eisdorf.de\/0e2016\/wp-content\/uploads\/2025\/01\/IMG_0301-300x212.jpeg 300w, https:\/\/thorhauer-eisdorf.de\/0e2016\/wp-content\/uploads\/2025\/01\/IMG_0301-768x543.jpeg 768w\" sizes=\"(max-width: 1024px) 100vw, 1024px\" \/><\/figure>\n\n\n\n<p>Daneben sind derzeitig folgende Ausstellungen geplant:<\/p>\n\n\n\n<ul>\n<li>25.\/26.01.2025              <a href=\"https:\/\/ig-modellbahn-schkeuditz.de\/\" target=\"_blank\" rel=\"noreferrer noopener\"> &#8220;Winterfest der Modellbahn&#8221;, Schkeuditz <\/a>        &#8220;Laasow\/Spreewald&#8221;<\/li>\n\n\n\n<li>08.\/09.02.2025              <a href=\"https:\/\/www.modellbahnfreunde-telz.de\/media\/Miwa25\/pdf24_zusammengefuegt-1.pdf\" target=\"_blank\" rel=\"noreferrer noopener\">Modellbahntage Mittelwalde<\/a>                               &#8220;Winter in Oberschirma&#8221;<\/li>\n\n\n\n<li>14.-17-02.2025                <a href=\"https:\/\/www.mec-pirna.de\/erlebnis-modellbahn-2025\" target=\"_blank\" rel=\"noreferrer noopener\">Messe Dresden (Kulturdampf gGmbH) <\/a>             ist noch geheim<\/li>\n\n\n\n<li>01.\/02.03.2025               <a href=\"http:\/\/berlin-brandenburg.furka-bergstrecke.de\/aust2025\/index.html\" target=\"_blank\" rel=\"noreferrer noopener\">Berlin-Kaulsdorf (Furka-Bahnfreunde)<\/a>            &#8220;Laasow\/Spreewald&#8221;<\/li>\n\n\n\n<li>03.\/04.05.2025               <a href=\"https:\/\/svr.co.uk\/event\/model-railway-weekend\/\" target=\"_blank\" rel=\"noreferrer noopener\">Modellbahnwochenende Higley  <\/a>                        &#8220;Laasow\/Spreewald&#8221;<\/li>\n\n\n\n<li>19.\/20.07.2025                <a href=\"https:\/\/www.diescheune.de\/veranstaltungen\/2623477\/2025\/07\/18\/modelleisenbahnausstellung.html\" target=\"_blank\" rel=\"noreferrer noopener\">Modellbahn in Bollewick      <\/a>                                &#8220;Laasow\/Spreewald&#8221;<\/li>\n\n\n\n<li>03.-05.10.2025                SchmalspuExpo, Ochenhausen                           &#8220;Sulmierczyce&#8221;<\/li>\n\n\n\n<li>30.10.-02.11.2025. Modellbahn in Trutnov\/Tschechien &#8220;Laasow\/Spreewald&#8221;<\/li>\n\n\n\n<li>07.11.-09.11.2025 10. Lausitzmodellbau Senftenberg &#8211; <a href=\"https:\/\/thorhauer-eisdorf.de\/0e2016\/blog\/category\/0e-modellbau\/diorama-bf-sulmiercyce\/\">Diorama f\u00fcr den MIBA-Modellbauwettbewerb &#8220;Bf Sulmiercyce&#8221;<\/a><\/li>\n\n\n\n<li>29.\/30.11.2025                Modellbahn im Lokschuppen Wilsdruff            &#8220;Winter in Oberschirma&#8221;<\/li>\n\n\n\n<li>21.11. &#8211; 23.11.2025 &#8220;Modell im Hotel&#8221; K\u00fchlungsborn &#8211; &#8220;Winter in Oberschirma&#8221;<br><\/li>\n\n\n\n<li><\/li>\n<\/ul>\n\n\n\n<h2 class=\"wp-block-heading\">&#8220;Gro\u00df Putlin&#8221; wird gebaut!<\/h2>\n\n\n\n<p>Der Entwurf  &#8220;Gro\u00df Putlin&#8221; in der Nenngr\u00f6\u00dfe H0 wird gebaut. Die Teile f\u00fcr den Unterbau sind bereits gezeichnet und mittels Lasercut produziert.<\/p>\n\n\n\n<p>Hier der Entwurf:<\/p>\n\n\n\n<figure class=\"wp-block-image size-large is-resized\"><img loading=\"lazy\" decoding=\"async\" width=\"1024\" height=\"341\" src=\"https:\/\/thorhauer-eisdorf.de\/0e2016\/wp-content\/uploads\/2025\/01\/Putlin1985_7_web-1024x341.jpg\" alt=\"\" class=\"wp-image-2495\" style=\"width:670px;height:auto\" srcset=\"https:\/\/thorhauer-eisdorf.de\/0e2016\/wp-content\/uploads\/2025\/01\/Putlin1985_7_web-1024x341.jpg 1024w, https:\/\/thorhauer-eisdorf.de\/0e2016\/wp-content\/uploads\/2025\/01\/Putlin1985_7_web-300x100.jpg 300w, https:\/\/thorhauer-eisdorf.de\/0e2016\/wp-content\/uploads\/2025\/01\/Putlin1985_7_web-768x256.jpg 768w, https:\/\/thorhauer-eisdorf.de\/0e2016\/wp-content\/uploads\/2025\/01\/Putlin1985_7_web-1536x512.jpg 1536w, https:\/\/thorhauer-eisdorf.de\/0e2016\/wp-content\/uploads\/2025\/01\/Putlin1985_7_web-2048x682.jpg 2048w\" sizes=\"(max-width: 1024px) 100vw, 1024px\" \/><\/figure>\n\n\n\n<p>Die <a href=\"https:\/\/thorhauer-eisdorf.de\/0e2016\/blog\/2020\/02\/09\/projekt-2022-planungsstart-fuer-gross-putlin-in-h0\/\">Idee zur Anlage ist hier <\/a>zu finden. <a href=\"https:\/\/thorhauer-eisdorf.de\/0e2016\/blog\/2025\/01\/29\/der-unterbau-fuer-gross-putlin-ist-in-arbeit\/\">Und so geht es weiter.<\/a><\/p>\n\n\n\n<p>A<\/p>\n\n\n\n<p>Nach 2004 habe ich angefangen &nbsp;polnische Schmalspurbahnen in 0e zu bauen. Ausschlaggebend war der Besuch bei den ehemaligen Westpressischen Kleinbahnen, der heutigen Zulawska KD und der Drehbr\u00fccke bei Rybina.<\/p>\n\n\n\n<!--more-->\n\n\n\n<p>Daraufhin habe ich mein Modulprojekt &#8220;<a href=\"http:\/\/thorhauer-eisdorf.de\/0e2016\/category\/0e-modellbau\/zulawska-kd\/\">Zulawska KD<\/a>&#8221; in 0e begonnen welches bis heute fortgef\u00fchrt wird.<\/p>\n\n\n\n<p>Im Jahr 2010 besuchte ich die Reste der R\u00fcbenbahnen in Frankreich und als Ergebnis dieses Besuches begann der Bau des Gro\u00dfdioramas &#8220;<a href=\"http:\/\/thorhauer-eisdorf.de\/0e2016\/category\/0e-modellbau\/zuckerfabrik-klein-senszke\/\">Zuckerfabrik Klein Senszke<\/a>&#8220;<\/p>\n\n\n\n<p>Als drittes Projekt kam im Jahr 2015\/16 das <a href=\"https:\/\/thorhauer-eisdorf.de\/0e2016\/blog\/category\/0e-modellbau\/diorama-bf-sulmiercyce\/\">Diorama f\u00fcr den MIBA-Modellbauwettbewerb &#8220;Bf Sulmiercyce&#8221; <\/a>dazu.<\/p>\n\n\n\n<p>Nat\u00fcrlich sind meine bisherigen Web-Seiten &#8220;<a href=\"http:\/\/www.schmalspurbahn-in-polen.de\">Schmalspurbahn in Polen<\/a>&#8221; zu den Vorbildern meiner Modellbauvorhaben, den polnischen Schmalspurbahnen sowie die Hauptseite &#8220;<a href=\"http:\/\/www.thorhauer-eisdorf.de\">www.thorhauer-eisdorf.de<\/a>&#8221; weiter aktiv.<\/p>\n\n\n\n<p>Ulrich Thorhauer (ulrich(at)thorhauer-eisdorf.de)<\/p>\n","protected":false},"excerpt":{"rendered":"<p>Das Jahr 2025 brachte auch schon wieder 11 Ausstellungen. Der H\u00f6hepunkt ist aber die Beteiligung am 200. Jahrestag der Reisen mit der Bahn in England welches am 1. Januar 2025 um 12 Uhr mit dem &#8220;Einpfeiffen&#8221; aller Museumsloks in Gro\u00dfbritannien &hellip; <a href=\"https:\/\/thorhauer-eisdorf.de\/0e2016\/\">Weiterlesen <span class=\"meta-nav\">&rarr;<\/span><\/a><\/p>\n","protected":false},"author":1,"featured_media":0,"parent":0,"menu_order":0,"comment_status":"closed","ping_status":"closed","template":"","meta":{"footnotes":""},"_links":{"self":[{"href":"https:\/\/thorhauer-eisdorf.de\/0e2016\/wp-json\/wp\/v2\/pages\/2"}],"collection":[{"href":"https:\/\/thorhauer-eisdorf.de\/0e2016\/wp-json\/wp\/v2\/pages"}],"about":[{"href":"https:\/\/thorhauer-eisdorf.de\/0e2016\/wp-json\/wp\/v2\/types\/page"}],"author":[{"embeddable":true,"href":"https:\/\/thorhauer-eisdorf.de\/0e2016\/wp-json\/wp\/v2\/users\/1"}],"replies":[{"embeddable":true,"href":"https:\/\/thorhauer-eisdorf.de\/0e2016\/wp-json\/wp\/v2\/comments?post=2"}],"version-history":[{"count":77,"href":"https:\/\/thorhauer-eisdorf.de\/0e2016\/wp-json\/wp\/v2\/pages\/2\/revisions"}],"predecessor-version":[{"id":2542,"href":"https:\/\/thorhauer-eisdorf.de\/0e2016\/wp-json\/wp\/v2\/pages\/2\/revisions\/2542"}],"wp:attachment":[{"href":"https:\/\/thorhauer-eisdorf.de\/0e2016\/wp-json\/wp\/v2\/media?parent=2"}],"curies":[{"name":"wp","href":"https:\/\/api.w.org\/{rel}","templated":true}]}}